{"id":2,"date":"2026-02-26T19:53:52","date_gmt":"2026-02-26T19:53:52","guid":{"rendered":"https:\/\/owadow.pl\/?page_id=2"},"modified":"2026-03-02T13:53:22","modified_gmt":"2026-03-02T13:53:22","slug":"sample-page","status":"publish","type":"page","link":"https:\/\/owadow.pl\/?page_id=2","title":{"rendered":"O stowarzyszeniu"},"content":{"rendered":"\r\n<p>Stowarzyszenie &#8222;Owad\u00f3w &#8211; Wie\u015b z Przysz\u0142o\u015bci\u0105&#8221; powsta\u0142o 18 sierpnia 2005 roku na mocy ustawy z dnia 7 kwietnia 1989 roku Prawo o stowarzyszeniach (Dz.U. 1989 Nr 20, Poz. 104, z p\u00f3\u017aniejszymi zmianami) oraz na podstawie uchwalonego statutu. Stowarzyszenie jest apolitycznym, dobrowolnym, samorz\u0105dnym i trwa\u0142ym zrzeszeniem o celach niezarobkowych.<\/p>\r\n<p style=\"text-align: left;\">Celem dzia\u0142ania Stowarzyszenia jest:<\/p>\r\n<ul style=\"text-align: left;\">\r\n<li>prowadzenie Niepublicznej Szko\u0142y Podstawowej w Owadowie,<\/li>\r\n<li>promocja gminy Jastrz\u0119bia, a w szczeg\u00f3lno\u015bci Niepublicznej Szko\u0142y Podstawowej w Owadowie,<\/li>\r\n<li>wspieranie wszechstronnego i zr\u00f3wnowa\u017conego rozwoju: spo\u0142ecznego, kulturalnego i gospodarczego wsi Owad\u00f3w,<\/li>\r\n<li>wspieranie demokracji i budowanie spo\u0142ecze\u0144stwa obywatelskiego w \u015brodowisku lokalnym.<\/li>\r\n<\/ul>\r\n<p style=\"text-align: left;\">Stowarzyszenie jest organizacj\u0105 dzia\u0142aj\u0105c\u0105 spo\u0142ecznie.<\/p>\r\n","protected":false},"excerpt":{"rendered":"<p>Stowarzyszenie &#8222;Owad\u00f3w &#8211; Wie\u015b z Przysz\u0142o\u015bci\u0105&#8221; powsta\u0142o 18 sierpnia 2005 roku na mocy ustawy z dnia 7 kwietnia 1989 roku Prawo o stowarzyszeniach (Dz.U. 1989 Nr 20, Poz. 104, z p\u00f3\u017aniejszymi zmianami) oraz na podstawie uchwalonego statutu. Stowarzyszenie jest apolitycznym, dobrowolnym, samorz\u0105dnym i trwa\u0142ym zrzeszeniem o celach niezarobkowych. Celem dzia\u0142ania&#8230;<\/p>\n<p class=\"continue-reading-button\"> <a class=\"continue-reading-link\" href=\"https:\/\/owadow.pl\/?page_id=2\">Czytaj wi\u0119cej<i class=\"crycon-right-dir\"><\/i><\/a><\/p>\n","protected":false},"author":1,"featured_media":0,"parent":0,"menu_order":0,"comment_status":"closed","ping_status":"open","template":"","meta":{"footnotes":""},"class_list":["post-2","page","type-page","status-publish","hentry"],"_links":{"self":[{"href":"https:\/\/owadow.pl\/index.php?rest_route=\/wp\/v2\/pages\/2","targetHints":{"allow":["GET"]}}],"collection":[{"href":"https:\/\/owadow.pl\/index.php?rest_route=\/wp\/v2\/pages"}],"about":[{"href":"https:\/\/owadow.pl\/index.php?rest_route=\/wp\/v2\/types\/page"}],"author":[{"embeddable":true,"href":"https:\/\/owadow.pl\/index.php?rest_route=\/wp\/v2\/users\/1"}],"replies":[{"embeddable":true,"href":"https:\/\/owadow.pl\/index.php?rest_route=%2Fwp%2Fv2%2Fcomments&post=2"}],"version-history":[{"count":7,"href":"https:\/\/owadow.pl\/index.php?rest_route=\/wp\/v2\/pages\/2\/revisions"}],"predecessor-version":[{"id":73,"href":"https:\/\/owadow.pl\/index.php?rest_route=\/wp\/v2\/pages\/2\/revisions\/73"}],"wp:attachment":[{"href":"https:\/\/owadow.pl\/index.php?rest_route=%2Fwp%2Fv2%2Fmedia&parent=2"}],"curies":[{"name":"wp","href":"https:\/\/api.w.org\/{rel}","templated":true}]}}