{"id":47,"date":"2026-02-27T20:17:49","date_gmt":"2026-02-27T20:17:49","guid":{"rendered":"https:\/\/owadow.pl\/?page_id=47"},"modified":"2026-03-03T18:25:38","modified_gmt":"2026-03-03T18:25:38","slug":"zarzad","status":"publish","type":"page","link":"https:\/\/owadow.pl\/?page_id=47","title":{"rendered":"Zarz\u0105d"},"content":{"rendered":"<p>Prezes Stowarzyszenia: Ma\u0142gorzata Kami\u0144ska<\/p>\n<p>Wiceprezes: Paulina Zi\u00f3\u0142ek<\/p>\n<p>Sekretarz: Anna Go\u0142\u0119biowska<\/p>\n","protected":false},"excerpt":{"rendered":"<p>Prezes Stowarzyszenia: Ma\u0142gorzata Kami\u0144ska Wiceprezes: Paulina Zi\u00f3\u0142ek Sekretarz: Anna Go\u0142\u0119biowska<\/p>\n<p class=\"continue-reading-button\"> <a class=\"continue-reading-link\" href=\"https:\/\/owadow.pl\/?page_id=47\">Czytaj wi\u0119cej<i class=\"crycon-right-dir\"><\/i><\/a><\/p>\n","protected":false},"author":1,"featured_media":0,"parent":0,"menu_order":0,"comment_status":"closed","ping_status":"closed","template":"","meta":{"footnotes":""},"class_list":["post-47","page","type-page","status-publish","hentry"],"_links":{"self":[{"href":"https:\/\/owadow.pl\/index.php?rest_route=\/wp\/v2\/pages\/47","targetHints":{"allow":["GET"]}}],"collection":[{"href":"https:\/\/owadow.pl\/index.php?rest_route=\/wp\/v2\/pages"}],"about":[{"href":"https:\/\/owadow.pl\/index.php?rest_route=\/wp\/v2\/types\/page"}],"author":[{"embeddable":true,"href":"https:\/\/owadow.pl\/index.php?rest_route=\/wp\/v2\/users\/1"}],"replies":[{"embeddable":true,"href":"https:\/\/owadow.pl\/index.php?rest_route=%2Fwp%2Fv2%2Fcomments&post=47"}],"version-history":[{"count":5,"href":"https:\/\/owadow.pl\/index.php?rest_route=\/wp\/v2\/pages\/47\/revisions"}],"predecessor-version":[{"id":95,"href":"https:\/\/owadow.pl\/index.php?rest_route=\/wp\/v2\/pages\/47\/revisions\/95"}],"wp:attachment":[{"href":"https:\/\/owadow.pl\/index.php?rest_route=%2Fwp%2Fv2%2Fmedia&parent=47"}],"curies":[{"name":"wp","href":"https:\/\/api.w.org\/{rel}","templated":true}]}}